{"id":52,"date":"2021-10-05T17:52:31","date_gmt":"2021-10-05T17:52:31","guid":{"rendered":"https:\/\/lailaalsane.com\/?page_id=52"},"modified":"2021-10-27T18:50:45","modified_gmt":"2021-10-27T18:50:45","slug":"bio","status":"publish","type":"page","link":"https:\/\/lailaalsane.com\/index.php\/bio\/","title":{"rendered":"Bio"},"content":{"rendered":"<p>[et_pb_section fb_built=\u00bb1&#8243; _builder_version=\u00bb4.11.3&#8243; _module_preset=\u00bbdefault\u00bb custom_padding=\u00bb||50px||false|false\u00bb global_colors_info=\u00bb{}\u00bb][et_pb_row column_structure=\u00bb1_3,2_3&#8243; _builder_version=\u00bb4.11.4&#8243; _module_preset=\u00bbdefault\u00bb hover_enabled=\u00bb0&#8243; global_colors_info=\u00bb{}\u00bb sticky_enabled=\u00bb0&#8243;][et_pb_column type=\u00bb1_3&#8243; _builder_version=\u00bb4.11.1&#8243; _module_preset=\u00bbdefault\u00bb global_colors_info=\u00bb{}\u00bb][et_pb_image src=\u00bbhttps:\/\/lailaalsane.com\/wp-content\/uploads\/2021\/10\/Laila_Alsane_MuHA-scaled.jpg\u00bb _builder_version=\u00bb4.11.4&#8243; _module_preset=\u00bbdefault\u00bb hover_enabled=\u00bb0&#8243; sticky_enabled=\u00bb0&#8243; title_text=\u00bbLaila_Alsane_MuHA\u00bb][\/et_pb_image][et_pb_divider _builder_version=\u00bb4.11.4&#8243; _module_preset=\u00bbdefault\u00bb color=\u00bb#333333&#8243; divider_position=\u00bbcenter\u00bb divider_weight=\u00bb2px\u00bb hover_enabled=\u00bb0&#8243; sticky_enabled=\u00bb0&#8243;][\/et_pb_divider][et_pb_image src=\u00bbhttps:\/\/lailaalsane.com\/wp-content\/uploads\/2021\/10\/Laila_alsane.gif\u00bb title_text=\u00bbLaila_alsane\u00bb _builder_version=\u00bb4.11.3&#8243; _module_preset=\u00bbdefault\u00bb global_colors_info=\u00bb{}\u00bb][\/et_pb_image][\/et_pb_column][et_pb_column type=\u00bb2_3&#8243; _builder_version=\u00bb4.11.1&#8243; _module_preset=\u00bbdefault\u00bb global_colors_info=\u00bb{}\u00bb][et_pb_text _builder_version=\u00bb4.11.4&#8243; _module_preset=\u00bbdefault\u00bb global_colors_info=\u00bb{}\u00bb]<\/p>\n<p>Hello, You \ud83d\ude09<\/p>\n<p>Thanks for visiting my website \ud83d\ude42<\/p>\n<p>If you\u2019ve got this far I\u2019m guessing it\u2019s because you\u2019d like to know more about who I am. Keep reading and I\u2019ll tell you about my journey towards becoming a makeup and hair artist.<\/p>\n<p>I began working professionally in 2004, after finishing my studies in Riga, Latvia. There, I worked in hairdressing salons full-time, some photoshoots for local magazines, and was always participating in makeup competitions. I got 4th place in Latvia\u2019s Open Competition of Makeup Designers, 3rd place in \u201cLes Nouvelles Esth\u00e9tiques Balticum\u201d, and 1st place at the 6th Baltic Open Competition of Makeup Designers.<\/p>\n<p>After traveling around Europe, I decided to move to Barcelona, Spain in 2008, where I worked for MAC cosmetics for 3 years. During that time, I began to connect with photographers, art directors, and producers who took an interest in my creative work. Since then, I\u2019ve been working on shoots of all kinds, from fashion to art, and commercial. I became a full-time freelance makeup and hair artist specializing in films, advertising, fashion, and special events.<\/p>\n<p>I love being on set working with a team and creating unique looks that go above and beyond a director\u2019s vision. I enjoy going to new locations, being in new environments, or traveling for work, as traveling is at the core of my creative inspiration.<\/p>\n<p>I speak English, Spanish, Russian and Latvian fluently, which always comes in Handy when working with multi-national teams.<\/p>\n<p>Anything else you\u2019d like to know? Send me an email and ask! <a href=\"mailto:lailaalsane@gmail.com\">lailaalsane@gmail.com<\/a><\/p>\n<p>[\/et_pb_text][et_pb_accordion icon_color=\u00bb#E09900&#8243; _builder_version=\u00bb4.11.3&#8243; _module_preset=\u00bbdefault\u00bb toggle_text_color=\u00bb#636363&#8243; toggle_font=\u00bbEB Garamond|800|||||||\u00bb toggle_font_size=\u00bb14px\u00bb custom_margin=\u00bb||||false|false\u00bb custom_padding=\u00bb||||false|false\u00bb border_width_all=\u00bb0px\u00bb global_colors_info=\u00bb{}\u00bb][et_pb_accordion_item title=\u00bbProfessional Education\u00bb open=\u00bbon\u00bb _builder_version=\u00bb4.11.3&#8243; _module_preset=\u00bbdefault\u00bb custom_margin=\u00bb0px||0px||false|false\u00bb custom_padding=\u00bb||||false|false\u00bb global_colors_info=\u00bb{}\u00bb]<\/p>\n<p>International Make Up art school<br \/>Latvian Professional Master diploma<br \/>Professional Art school &#8211; studied jewellery<\/p>\n<p>[\/et_pb_accordion_item][et_pb_accordion_item title=\u00bbAttended Training seminars\u00bb _builder_version=\u00bb4.11.3&#8243; _module_preset=\u00bbdefault\u00bb custom_margin=\u00bb0px||0px||false|false\u00bb custom_padding=\u00bb||||false|false\u00bb global_colors_info=\u00bb{}\u00bb open=\u00bboff\u00bb]<\/p>\n<p>Stick Art Studio professional curses<br \/>Dany Sanz ( Make Up Forever Academy Paris ) Fashion Make Up<br \/>Image School \u0308Bogomolov \u0308<br \/>Make Up Atelier \u0308Atelier- A \u0308 Tv Make up<br \/>Schwarzkopf Professional Consultation and OTC sales in salons training<br \/>Tony &amp; Guy look and learn seminar<br \/>Propaganda Hair ,Spring summer collection<\/p>\n<p>[\/et_pb_accordion_item][et_pb_accordion_item title=\u00bbCompetitions:\u00bb _builder_version=\u00bb4.11.3&#8243; _module_preset=\u00bbdefault\u00bb custom_margin=\u00bb0px||0px||false|false\u00bb custom_padding=\u00bb||||false|false\u00bb global_colors_info=\u00bb{}\u00bb open=\u00bboff\u00bb]<\/p>\n<p>6th Baltic Open Competition of Make-up Designers\u00a0 <strong>1.place Prize<\/strong><br \/>6 th Congres \u0308Les Nouvelles Esth\u00e9tiques Balticum \u0308\u00a0 <strong>3. Place Prize<\/strong><br \/>5th Baltic Open Competition of Make -up Designers\u00a0 <strong>4.place. Prize<\/strong><\/p>\n<p>[\/et_pb_accordion_item][et_pb_accordion_item title=\u00bbWorked for Brands like\u00bb _builder_version=\u00bb4.11.3&#8243; _module_preset=\u00bbdefault\u00bb custom_margin=\u00bb0px||0px||false|false\u00bb global_colors_info=\u00bb{}\u00bb open=\u00bboff\u00bb]<\/p>\n<p>Tous, Dior, Clarins, Christian Louboutin, Kiton, Vacheron Constantin, Fit Bit, Sony, Porsche, Patronas, Mc Donalds, Ford, Zalando, Forte Forte, Warner Music Italy, Alix The Lable, Xagon Man, Arnold Classic, American Crew, Revlon, American apparel, Malababa, Lobster Project, Mazza, Snipes, By Biombo, Rosario Pu\u00f1ales, Steinkult, L\u00f6v, Freixenet &#8211; Mia, Cortana Brides, Me\u00efsie, K.A.L.A, SLX- Henry Schein, La Haine inside us, Lola Casademunt, Termix, Bauerfeindmedical, David Valls, Gigi Barcelona, Sidney Oliveira and more<\/p>\n<p>[\/et_pb_accordion_item][et_pb_accordion_item title=\u00bbCelebrities\u00bb _builder_version=\u00bb4.11.3&#8243; _module_preset=\u00bbdefault\u00bb custom_margin=\u00bb0px||0px||false|false\u00bb custom_padding=\u00bb||||false|false\u00bb global_colors_info=\u00bb{}\u00bb open=\u00bboff\u00bb]<\/p>\n<p>Mika, Mark Vanderloo, Billy Piper, Steven Waddington, Mellina Matthews, Karina Kolochvkova, Marta Simonet, Neil Harbbison, Steve Garrigan, Pingi Moli, Mark Prendegast, Jason Boland, Vinny May, Conor Linnane, Kristel Van de Kamp, Liene Podina, Kodeline, Jessica Gioechea , Laura Sanchez Blanco, Neymar Jr, Mario Vaqerizo, Alondra Bentley, Martina, Erika Lust, Matencio, Marta Simonet, Piket, Walter de \u0301 Silva, Ana Mena &amp; Fred de Palma, Arnau Marin, Jan Tana, Aless Gibaja, Le Nais, and more.<\/p>\n<p>[\/et_pb_accordion_item][et_pb_accordion_item title=\u00bbMagazines, Editorials\u00bb _builder_version=\u00bb4.11.3&#8243; _module_preset=\u00bbdefault\u00bb custom_margin=\u00bb0px||0px||false|false\u00bb custom_padding=\u00bb||||false|false\u00bb global_colors_info=\u00bb{}\u00bb open=\u00bboff\u00bb]<\/p>\n<p>L \u0301Offeciel, Elle, Shape, Jungle Magazine, Kaltblut magazine, Layalina magazine, Neo 2, Vogue, Kluidmagazine, Creators Magazine, and more.<\/p>\n<p>[\/et_pb_accordion_item][et_pb_accordion_item title=\u00bbMovies\u00bb _builder_version=\u00bb4.11.3&#8243; _module_preset=\u00bbdefault\u00bb custom_margin=\u00bb0px||0px||false|false\u00bb custom_padding=\u00bb||||false|false\u00bb global_colors_info=\u00bb{}\u00bb open=\u00bboff\u00bb]<\/p>\n<p>Uncharted, Love Over, Rare Beast, Eat With Me, Pilot, Xconfession \u2013 series and more.<\/p>\n<p>[\/et_pb_accordion_item][et_pb_accordion_item title=\u00bbShows\u00bb _builder_version=\u00bb4.11.3&#8243; _module_preset=\u00bbdefault\u00bb custom_margin=\u00bb0px||0px||false|false\u00bb custom_padding=\u00bb||||false|false\u00bb global_colors_info=\u00bb{}\u00bb open=\u00bboff\u00bb]<\/p>\n<p>X-Factor, Christian Louboutin, Arnold Classic, American Crew, Revlon Global, American Crew, Rosario Pu\u00f1ales, Riga Fashion Shows, Frankfurt Hairdresser Show, Paris Makeup and Hairdresser show Golden Rose, and more.<\/p>\n<p>[\/et_pb_accordion_item][\/et_pb_accordion][\/et_pb_column][\/et_pb_row][\/et_pb_section]<\/p>\n","protected":false},"excerpt":{"rendered":"<p>Hello, You \ud83d\ude09 Thanks for visiting my website \ud83d\ude42 If you\u2019ve got this far I\u2019m guessing it\u2019s because you\u2019d like to know more about who I am. Keep reading and I\u2019ll tell you about my journey towards becoming a makeup and hair artist. I began working professionally in 2004, after finishing my studies in Riga, [&hellip;]<\/p>\n","protected":false},"author":1,"featured_media":0,"parent":0,"menu_order":0,"comment_status":"closed","ping_status":"closed","template":"","meta":{"_et_pb_use_builder":"on","_et_pb_old_content":"","_et_gb_content_width":"","_vp_format_video_url":"","_vp_image_focal_point":[]},"_links":{"self":[{"href":"https:\/\/lailaalsane.com\/index.php\/wp-json\/wp\/v2\/pages\/52"}],"collection":[{"href":"https:\/\/lailaalsane.com\/index.php\/wp-json\/wp\/v2\/pages"}],"about":[{"href":"https:\/\/lailaalsane.com\/index.php\/wp-json\/wp\/v2\/types\/page"}],"author":[{"embeddable":true,"href":"https:\/\/lailaalsane.com\/index.php\/wp-json\/wp\/v2\/users\/1"}],"replies":[{"embeddable":true,"href":"https:\/\/lailaalsane.com\/index.php\/wp-json\/wp\/v2\/comments?post=52"}],"version-history":[{"count":10,"href":"https:\/\/lailaalsane.com\/index.php\/wp-json\/wp\/v2\/pages\/52\/revisions"}],"predecessor-version":[{"id":438,"href":"https:\/\/lailaalsane.com\/index.php\/wp-json\/wp\/v2\/pages\/52\/revisions\/438"}],"wp:attachment":[{"href":"https:\/\/lailaalsane.com\/index.php\/wp-json\/wp\/v2\/media?parent=52"}],"curies":[{"name":"wp","href":"https:\/\/api.w.org\/{rel}","templated":true}]}}